{"id":191092,"date":"2016-06-08T23:59:02","date_gmt":"2016-06-08T21:59:02","guid":{"rendered":"http:\/\/www.gruene-badoeynhausen.de\/wp\/?page_id=191092"},"modified":"2022-03-04T13:29:54","modified_gmt":"2022-03-04T12:29:54","slug":"satzung","status":"publish","type":"page","link":"https:\/\/www.gruene-badoeynhausen.de\/wp\/ortsverband\/satzung\/","title":{"rendered":"Satzung"},"content":{"rendered":"<h4>Satzung Ortsverband (OV) Bad Oeynhausen<\/h4>\n<p><em>Stand Juni 2016<\/em><\/p>\n<p><strong>Schreibweise des Parteinamens<\/strong><\/p>\n<p>Entsprechend den Bestimmungen der Satzung des Bundesverbandes von B\u00dcNDNIS 90\/DIE GR\u00dcNEN werden auch in der Ortsverbandssatzung der Parteiname und die Schreibweisen in Gro\u00dfbuchstaben vereinheitlicht.<br \/>\nDemnach hei\u00dft es:<\/p>\n<p>\u201eB\u00dcNDNIS 90\/DIE GR\u00dcNEN\u201c<br \/>\n\u201eDIE GR\u00dcNEN\u201c (sofern erforderlich)<br \/>\n\u201eGR\u00dcNE\u201c<br \/>\n\u201eGR\u00dcNE JUGEND\u201c<\/p>\n<p><strong>Pr\u00e4ambel<\/strong><\/p>\n<p>Der Grundkonsens der Bundespartei B\u00dcNDNIS 90\/DIE GR\u00dcNEN inklusive seiner Pr\u00e4ambel gilt auch f\u00fcr den Ortsverband Bad Oeynhausen. Die im Grundkonsens von B\u00dcNDNIS 90 und DIE GR\u00dcNEN vereinbarten Inhalte und Ziele bilden auch f\u00fcr uns die Grundlage unserer politischen Arbeit.<\/p>\n<h4>\u00a7 1 Name, Sitz und T\u00e4tigkeitsgebiet<\/h4>\n<p>(1) B\u00dcNDNIS 90\/DIE GR\u00dcNEN Bad Oeynhausen sind Ortsverband der Partei B\u00dcNDNIS<br \/>\n90\/DIE GR\u00dcNEN im Kreisverband Minden-L\u00fcbbecke, Landesverband Nordrhein-<br \/>\nWestfalen.<\/p>\n<p>(2) Der Ortsverband hat seinen Sitz in Bad Oeynhausen. Sein T\u00e4tigkeitsgebiet erstreckt<br \/>\nsich auf die Stadt Bad Oeynhausen.<\/p>\n<h4>\u00a7 2 Mitgliedschaft<\/h4>\n<p>(1) Mitglied der Partei kann werden, wer keiner anderen im Gebiet der Bundesrepublik Deutschland t\u00e4tigen Partei oder konkurrierenden W\u00e4hler*innenvereinigung angeh\u00f6rt und sich zu den Grunds\u00e4tzen und dem Programm der Partei bekennt. Die deutsche Staatsb\u00fcrgerschaft ist nicht Voraussetzung f\u00fcr die Mitgliedschaft.<\/p>\n<p>(2) Bis zur Vollendung des 28. Lebensjahres ist jedes Mitglied von B\u00dcNDNIS 90\/DIE GR\u00dcNEN Ortsverband Bad Oeynhausen gleichzeitig Mitglied in der GR\u00dcNEN JUGEND Nordrhein-Westfalen. Ein Widerruf ist m\u00f6glich und muss gegen\u00fcber dem Landesvorstand von B\u00dcNDNIS 90\/DIE GR\u00dcNEN schriftlich mitgeteilt werden.<\/p>\n<p>(3) \u00dcber die Aufnahme entscheidet der Ortsvorstand. Wird eine Aufnahme abgelehnt, hat der Vorstand dies schriftlich gegen\u00fcber dem\/der Bewerber*in zu begr\u00fcnden und der n\u00e4chsten<br \/>\nMitgliederversammlung mitzuteilen. Gegen die Ablehnung eines Aufnahmeantrages kann bei einer Mitgliederversammlung Einspruch eingelegt werden. Die Mitgliederversammlung entscheidet mit der Mehrheit der g\u00fcltigen Stimmen.<\/p>\n<p>(4) Die Mitgliedschaft beginnt mit der Aufnahme durch den Vorstand. Sie endet durch Austritt, Eintritt in eine andere im Gebiet der Bundesrepublik t\u00e4tige Partei im Sinne des Parteiengesetzes, durch Kandidatur auf einer konkurrierenden Liste, durch Ausschluss oder Tod. Der Austritt ist dem Ortsverband, ersatzweise dem Kreisverband schriftlich zu erkl\u00e4ren.<\/p>\n<p>(5) Die Mitgliedschaft besteht grunds\u00e4tzlich im Wohnort. Bei mehreren Wohnsitzen besteht ein Wahlrecht des Mitglieds. Bei begr\u00fcndetem Antrag kann auch ein Mitglied aufgenommen werden, dass seinen Wohnsitz nicht in Bad Oeynhausen hat. \u00dcber den Antrag entscheidet der Vorstand.<\/p>\n<p>(6) \u00dcber einen Ausschluss entscheidet das zust\u00e4ndige Schiedsgericht. Ein Mitglied kann nur dann aus der Partei ausgeschlossen werden, wenn es vors\u00e4tzlich gegen die Satzung oder erheblich gegen Grunds\u00e4tze oder Ordnungen der Partei verst\u00f6\u00dft und ihr damit schweren<br \/>\nSchaden zuf\u00fcgt. Wenn auf Kreisebene kein Schiedsgericht existiert, ist das Landesschiedsgericht zust\u00e4ndig.<\/p>\n<p>(7) Der Vorstand ist erm\u00e4chtigt, Mitgliedern, die trotz dreifacher schriftlicher Mahnung durch den\/die Kreiskassierer\/in mit ihren Beitragszahlungen im R\u00fcckstand sind, die Mitgliedschaft zu entziehen<\/p>\n<h4>\u00a7 3 Rechte und Pflichten der Mitglieder<\/h4>\n<p>(1) Jedes Mitglied hat das Recht:<\/p>\n<p>1. An der politischen Willensbildung von B\u00dcNDNIS 90\/DIE GR\u00dcNEN in der \u00fcblichen Weise, z.B. Aussprachen, Antr\u00e4ge, Abstimmungen und Wahlen, mitzuwirken.<\/p>\n<p>2. An \u00fcber\u00f6rtlichen Delegiertenversammlungen als Gast teilzunehmen.<\/p>\n<p>3. Im Rahmen der Gesetze und der Satzungen an der Aufstellung von Kandidat*innen mitzuwirken, sobald es das wahlf\u00e4hige Alter erreicht hat.<\/p>\n<p>4. Sich selbst bei diesen Anl\u00e4ssen um eine Kandidatur zu bewerben.<\/p>\n<p>5. Innerhalb von B\u00dcNDNIS 90\/DIE GR\u00dcNEN das aktive und passive Wahlrecht auszu\u00fcben.<\/p>\n<p>(2) Jedes Mitglied hat die Pflicht:<\/p>\n<p>1. Den Grundkonsens von B\u00dcNDNIS 90\/DIE GR\u00dcNEN und die satzungsgem\u00e4\u00df gefassten Beschl\u00fcsse der Partei anzuerkennen.<\/p>\n<p>2. Seinen Beitrag regelm\u00e4\u00dfig zu entrichten.<\/p>\n<p>3. Kommunale Mandatstr\u00e4ger*innen von B\u00dcNDNIS 90\/DIE GR\u00dcNEN im OV sollen neben ihren satzungsgem\u00e4\u00dfen Mitgliedsbeitr\u00e4gen Mandatsbeitr\u00e4ge an den Ortsverband leisten. Die H\u00f6he der Beitr\u00e4ge wird von der Mitgliederversammlung beschlossen.<\/p>\n<h4>\u00a7 4 GR\u00dcNE JUGEND<\/h4>\n<p>(1) Die GR\u00dcNE JUGEND Bad Oeynhausen ist die politische Jugendorganisation von<br \/>\nB\u00dcNDNIS 90\/DIE GR\u00dcNEN Bad Oeynhausen. Sie ist als Vereinigung der Partei ein Zusammenschluss mit der Zielsetzung, sich in ihrem Wirkungskreis f\u00fcr den Grundkonsens der Partei einzusetzen sowie die besonderen Interessen der GR\u00dcNEN JUGEND in den Organen der Partei zu vertreten, um an der politischen Willensbildung mitzuwirken. Die GR\u00dcNE JUGEND organisiert ihre Arbeit autonom.<\/p>\n<p>(2) Die GR\u00dcNE JUGEND Bad Oeynhausen hat das Recht, Antr\u00e4ge an den Vorstand und<br \/>\ndie Mitgliederversammlung zu stellen.<\/p>\n<p>(3) Rechenschaftsbericht<br \/>\nF\u00fcr die Gr\u00fcne Jugend als Teilorganisation gelten die Rechnungslegungsvorschriften des Parteiengesetzes. Es muss sichergestellt werden, dass ein Rechenschaftsbericht gem\u00e4\u00df Parteiengesetz f\u00fcr die Gr\u00fcne Jugend erstellt und im Rechenschaftsbericht des Kreisverbandes ausgewiesen wird. Alternativ k\u00f6nnen die Gesch\u00e4ftsvorf\u00e4lle der Gr\u00fcnen<br \/>\nJugend \u00fcber die Konten des zugeh\u00f6rigen OV abgewickelt werden und im Rahmen der Buchhaltung des OV erfasst werden.<\/p>\n<p>(4) Zweckgebundene \u00f6ffentliche Mittel f\u00fcr Jugendarbeit<br \/>\nSofern die Gr\u00fcne Jugend Bad Oeynhausen zweckgebundene \u00f6ffentliche Mittel f\u00fcr<br \/>\nJugendarbeit erh\u00e4lt, ist dieses im Rechenschaftsbericht des OV auszuweisen.<br \/>\nDies gilt unabh\u00e4ngig davon, ob es sich um eine Teil- oder eine Nebenorganisation handelt.<\/p>\n<h4>\u00a7 5 Organe des Ortsverbandes<\/h4>\n<p>(1) Organe des Ortsverbandes sind die Mitgliederversammlung und der Vorstand.<br \/>\n2) Der Vorstand ist beschlussf\u00e4hig, wenn und solange die H\u00e4lfte seiner gew\u00e4hlten Mitglieder anwesend sind. Die Mitgliederversammlung ist beschlussf\u00e4hig, wenn mindestens 20 % der Mitglieder des Ortsverbandes anwesend sind.<\/p>\n<p>(3) Die Organe des Ortsverbandes tagen \u00f6ffentlich. Sie k\u00f6nnen durch einfachen Beschluss die \u00d6ffentlichkeit und gegebenenfalls auch die Partei\u00f6ffentlichkeit ausschlie\u00dfen. Der Ausschluss der Partei\u00f6ffentlichkeit ist nur aus Gr\u00fcnden der Wahrung von Pers\u00f6nlichkeitsrechten m\u00f6glich.<\/p>\n<p>(4) Die Mitgliederversammlung kann eine Gesch\u00e4ftsordnung (GO) beschlie\u00dfen, die f\u00fcr die Organe des Ortsverbandes verbindlich ist.<\/p>\n<h4>\u00a7 6 Mitgliederversammlung<\/h4>\n<p>(1) Die Mitgliederversammlung ist das oberste Organ des Ortsverbandes, ihre Beschl\u00fcsse k\u00f6nnen nur durch sie selbst oder durch Urabstimmung aufgehoben werden.<\/p>\n<p>(2) Die Mitgliederversammlung findet mindestens einmal j\u00e4hrlich statt.<\/p>\n<p>(3) Der Vorstand versendet die Einladung 2 Wochen vorher per Post oder E-Mail unter Angabe der Tagesordnung und der einzuhaltenden Antrags-, Melde- und Bewerbungsfristen. Bei besonderer Dringlichkeit kann die Einladungsfrist auf 3 Kalendertage verk\u00fcrzt werden.<br \/>\nDie Dringlichkeit muss in der Einladung begr\u00fcndet werden. Auf Verlangen von mindestens 10 % der Mitglieder muss der Vorstand unverz\u00fcglich eine Mitgliederversammlung einberufen. Stimmberechtigt sind alle Mitglieder des Ortsverbandes.<\/p>\n<p>(4) Die Mitgliederversammlung beschlie\u00dft insbesondere \u00fcber Satzung, Programme und Wahlprogramme, den Haushalt und den Vorstandsbericht. Vor der Beschlussfassung \u00fcber den finanziellen Teil des Vorstandsberichtes nimmt sie den Bericht der Rechnungspr\u00fcfer*innen entgegen. Die Mitgliederversammlung w\u00e4hlt den Vorstand, die Rechnungspr\u00fcfer*innen und die Bewerberinnen und Bewerber f\u00fcr die Kommunalwahlen. Antr\u00e4ge zur Mitgliederversammlung sind mit einer Eingangsfrist von 3 Tagen vor der Versammlung beim Vorstand einzureichen. Der Vorstand leitet die Antr\u00e4ge umgehend weiter. Sp\u00e4ter zu neuen Gegenst\u00e4nden gestellte Antr\u00e4ge k\u00f6nnen nur mit der Zustimmung der Mehrheit der Stimmberechtigten behandelt werden. Dringlichkeitsantr\u00e4ge sowie Antr\u00e4ge zur \u00c4nderung oder Erg\u00e4nzung fristgerechter oder nachtr\u00e4glich zugelassener Antr\u00e4ge k\u00f6nnen jederzeit gestellt werden. Diese Fristen gelten nicht f\u00fcr Versammlungen mit verk\u00fcrzter Einladungsfrist. Antragsberechtigt sind alle Mitglieder des Ortsverbandes.<\/p>\n<h4>\u00a7 7 Der Vorstand<\/h4>\n<p>(1) Dem Vorstand geh\u00f6ren an:<br \/>\n\u2022 zwei gleichberechtigte Vorsitzende, darunter m\u00f6glichst eine Frau,<br \/>\n\u2022 die\/der Kassierer*in,<br \/>\n\u2022 die\/der Schriftf\u00fchrer*in<br \/>\nDer Vorstand sollte, wenn m\u00f6glich, mindestquotiert mit Frauen besetzt sein.<\/p>\n<p>(2) Die beiden Vorsitzenden sind f\u00fcr die politische Au\u00dfendarstellung des Ortsverbandes verantwortlich. Gemeinsam mit der\/dem Kassierer*in bilden sie den gesch\u00e4ftsf\u00fchrenden Vorstand, der den Ortsverband mit jeweils zwei Personen gem\u00e4\u00df \u00a7 26 (2) BGB nach au\u00dfen vertritt. Der gesch\u00e4ftsf\u00fchrende Vorstand fasst Beschl\u00fcsse mit einfacher Mehrheit.<\/p>\n<p>(3) Der Vorstand vertritt den Ortsverband nach innen und au\u00dfen. Er handelt dabei auf Grundlage der Beschl\u00fcsse der Mitgliederversammlung.<\/p>\n<p>(4) Die Mitglieder des Vorstandes werden von der Mitgliederversammlung in geheimer Wahl und f\u00fcr die Dauer von zwei Jahren gew\u00e4hlt. In der Mitgliederversammlung gegen\u00fcber zu begr\u00fcndenden F\u00e4llen kann der Vorstand bei Zustimmung von zwei Dritteln der Mitgliederversammlung maximal drei Monate \u00fcber diese Zeit hinaus bis zur rechtsg\u00fcltigen Bestellung eines neuen Vorstandes im Amt bleiben. Wiederwahl ist m\u00f6glich. Die Amtszeit endet auch im Falle von Nachwahlen mit der Neuwahl des Vorstandes.<\/p>\n<p>(5) Der Vorstand kann sich eine Gesch\u00e4ftsordnung geben.<\/p>\n<h4>\u00a7 8 Mindestparit\u00e4t<\/h4>\n<p>(1) Alle zu besetzenden Gremien und Organe sollten mindestparit\u00e4tisch mit Frauen  besetzt werden.<\/p>\n<p>(2) Sollte keine Frau f\u00fcr einen Frauen zustehenden Platz kandidieren bzw. gew\u00e4hlt werden, so entscheidet die jeweilige Versammlung \u00fcber das weitere Verfahren.<\/p>\n<p>(3) Die Entscheidung bedarf der Zustimmung der Mehrheit der anwesenden Frauen.<\/p>\n<p>(4) Die weiblichen Mitglieder des Ortsverbandes k\u00f6nnen besondere Versammlungen durchf\u00fchren.<\/p>\n<h4>\u00a7 9 Datenschutz<\/h4>\n<p>B\u00dcNDNIS 90\/DIE GR\u00dcNEN f\u00fchren eine Mitgliederdatei auf EDV Grundlage. Die Mitglieder haben das Recht auf Schutz ihrer Daten. Personenbezogene Mitgliederdaten d\u00fcrfen nur vom Vorstand und von mit der Datenpflege Beauftragten und nur zu satzungsgem\u00e4\u00dfen Zwecken verwendet werden. Die Ver\u00f6ffentlichung personenbezogener Daten bed\u00fcrfen der Zustimmung des jeweiligen Mitglieds, sofern keine gesetzliche Grundlage existiert. Der Missbrauch von Daten ist parteisch\u00e4digendes Verhalten im Sinne des Parteiengesetzes.<\/p>\n<h4>\u00a7 10 Satzungsbestandteile und -\u00e4nderungen<\/h4>\n<p>(1) Teile dieser Satzung im Sinne des Parteiengesetzes sind:<br \/>\n&#8211; Finanzordnung<br \/>\n&#8211; Schiedsgerichtsordnung,<br \/>\nWenn der Ortsverband kein keine Finanzordnung \/ keine Schiedsgerichtsordnung hat, so gilt die Finanzordnung \/ die Schiedsgerichtsordnung des Kreisverbandes, ersatzweise des Landesverbandes.<br \/>\n(2) Diese Satzung kann von der Mitgliederversammlung mit Zweidrittelmehrheit der g\u00fcltigen Stimmen mit der Mehrheit der g\u00fcltigen Stimmen ge\u00e4ndert werden. \u00c4nderungen der<br \/>\nSatzung sind nur bei eingehaltenen Antragsfristen und nicht bei Versammlungen mit verk\u00fcrzter Ladungsfrist m\u00f6glich.<\/p>\n<h4>\u00a7 11 Inkrafttreten<\/h4>\n<p>Beschl\u00fcsse \u00fcber die Satzung oder ihre Bestandteile oder \u00fcber Statuten oder \u00fcber andere Regelungen treten mit ihrer Verabschiedung (Beschluss) in Kraft. Dies gilt nicht f\u00fcr strukturver\u00e4ndernde Beschl\u00fcsse, diese treten erst nach Beendigung der beschlussfassenden<br \/>\nVersammlung in Kraft.<\/p>\n<p><strong><em>Beschlossen durch Mitgliederversammlung am 08.06.2016<\/em><\/strong><\/p>\n","protected":false},"excerpt":{"rendered":"<p>Satzung Ortsverband (OV) Bad Oeynhausen Stand Juni 2016 Schreibweise des Parteinamens Entsprechend den Bestimmungen der Satzung des Bundesverbandes von B\u00dcNDNIS 90\/DIE GR\u00dcNEN werden auch in der Ortsverbandssatzung der Parteiname und [&hellip;]<\/p>\n","protected":false},"author":5,"featured_media":0,"parent":4,"menu_order":1,"comment_status":"closed","ping_status":"closed","template":"","meta":{"footnotes":""},"class_list":["post-191092","page","type-page","status-publish","hentry"],"share_on_mastodon":{"url":"","error":""},"_links":{"self":[{"href":"https:\/\/www.gruene-badoeynhausen.de\/wp\/wp-json\/wp\/v2\/pages\/191092","targetHints":{"allow":["GET"]}}],"collection":[{"href":"https:\/\/www.gruene-badoeynhausen.de\/wp\/wp-json\/wp\/v2\/pages"}],"about":[{"href":"https:\/\/www.gruene-badoeynhausen.de\/wp\/wp-json\/wp\/v2\/types\/page"}],"author":[{"embeddable":true,"href":"https:\/\/www.gruene-badoeynhausen.de\/wp\/wp-json\/wp\/v2\/users\/5"}],"replies":[{"embeddable":true,"href":"https:\/\/www.gruene-badoeynhausen.de\/wp\/wp-json\/wp\/v2\/comments?post=191092"}],"version-history":[{"count":3,"href":"https:\/\/www.gruene-badoeynhausen.de\/wp\/wp-json\/wp\/v2\/pages\/191092\/revisions"}],"predecessor-version":[{"id":191144,"href":"https:\/\/www.gruene-badoeynhausen.de\/wp\/wp-json\/wp\/v2\/pages\/191092\/revisions\/191144"}],"up":[{"embeddable":true,"href":"https:\/\/www.gruene-badoeynhausen.de\/wp\/wp-json\/wp\/v2\/pages\/4"}],"wp:attachment":[{"href":"https:\/\/www.gruene-badoeynhausen.de\/wp\/wp-json\/wp\/v2\/media?parent=191092"}],"curies":[{"name":"wp","href":"https:\/\/api.w.org\/{rel}","templated":true}]}}